{"id":8296,"date":"2016-08-08T16:50:20","date_gmt":"2016-08-08T20:50:20","guid":{"rendered":"https:\/\/traveler.marriott.com\/?page_id=8296"},"modified":"2019-02-16T00:01:23","modified_gmt":"2019-02-16T05:01:23","slug":"quienes-somos","status":"publish","type":"page","link":"https:\/\/traveler.marriott.com\/es\/quienes-somos\/","title":{"rendered":"Qui\u00e9nes somos"},"content":{"rendered":"<p><strong>Somos Marriott Bonvoy Traveler en Espa\u00f1ol.<\/strong> La revista digital de viajes que hasta hace poco se llamaba Marriott Traveler en Espa\u00f1ol. Nuestro&nbsp;<a href=\"https:\/\/www.espanol.marriott.com\/loyalty.mi\" target=\"_blank\" rel=\"noopener\">nuevo programa de viajes<\/a>&nbsp;trae consigo grandes cambios y una nueva perspectiva.<\/p>\n<p>Creemos que todo viaje es un buen viaje. Contamos las historias que despiertan la pasi\u00f3n por viajar que vive dentro de ti; las historias que te inspiran a explorar los mejores destinos del mundo y te otorgan las herramientas para viajar bien. Los buenos viajes comienzan aqu\u00ed.<\/p>\n<p>Creemos que viajar abre la mente, expande los l\u00edmites, ense\u00f1a lecciones y crea recuerdos. Nuestras historias marcan el comienzo de tu traves\u00eda, te gu\u00edan a lugares que solo conocen los locales y revelan la personalidad \u00fanica que da vida a cada lugar. La comida que cocinan, los cocteles que crean, la m\u00fasica que tocan y los vecindarios llenos de cultura donde viven son tan solo algunas de las cosas que te hacen sentir bienvenido.<\/p>\n<p><strong>Somos Marriott Bonvoy Traveler en Espa\u00f1ol.&nbsp;Los buenos viajes comienzan aqu\u00ed.<\/strong><\/p>\n","protected":false},"excerpt":{"rendered":"<p>Somos Marriott Bonvoy Traveler en Espa\u00f1ol. La revista digital de viajes que hasta hace poco se llamaba Marriott Traveler en Espa\u00f1ol. Nuestro&nbsp;nuevo programa de viajes&nbsp;trae consigo grandes cambios y una&hellip;<\/p>\n","protected":false},"author":13,"featured_media":14758,"parent":0,"menu_order":0,"comment_status":"closed","ping_status":"closed","template":"","meta":{"_acf_changed":false,"footnotes":""},"class_list":["post-8296","page","type-page","status-publish","has-post-thumbnail","hentry"],"yoast_head":"<!-- This site is optimized with the Yoast SEO Premium plugin v24.5 (Yoast SEO v24.5) - https:\/\/yoast.com\/wordpress\/plugins\/seo\/ -->\n<title>Qui\u00e9nes somos - Marriott Bonvoy Traveler en Espa\u00f1ol<\/title>\n<meta name=\"robots\" content=\"index, follow, max-snippet:-1, max-image-preview:large, max-video-preview:-1\" \/>\n<link rel=\"canonical\" href=\"https:\/\/traveler.marriott.com\/es\/quienes-somos\/\" \/>\n<meta property=\"og:locale\" content=\"es_ES\" \/>\n<meta property=\"og:type\" content=\"article\" \/>\n<meta property=\"og:title\" content=\"Qui\u00e9nes somos\" \/>\n<meta property=\"og:description\" content=\"Somos Marriott Bonvoy Traveler en Espa\u00f1ol. La revista digital de viajes que hasta hace poco se llamaba Marriott Traveler en Espa\u00f1ol. Nuestro&nbsp;nuevo\" \/>\n<meta property=\"og:url\" content=\"https:\/\/traveler.marriott.com\/es\/quienes-somos\/\" \/>\n<meta property=\"og:site_name\" content=\"Marriott Bonvoy Traveler en Espa\u00f1ol\" \/>\n<meta property=\"article:publisher\" content=\"https:\/\/www.facebook.com\/MarriottBonvoyLatAm\" \/>\n<meta property=\"article:modified_time\" content=\"2019-02-16T05:01:23+00:00\" \/>\n<meta property=\"og:image\" content=\"https:\/\/traveler.marriott.com\/es\/wp-content\/uploads\/sites\/2\/2019\/02\/GI_507724738_HotAirBalloonNite_1920x1080.jpg\" \/>\n\t<meta property=\"og:image:width\" content=\"1920\" \/>\n\t<meta property=\"og:image:height\" content=\"1080\" \/>\n\t<meta property=\"og:image:type\" content=\"image\/jpeg\" \/>\n<meta name=\"twitter:card\" content=\"summary_large_image\" \/>\n<meta name=\"twitter:site\" content=\"@mbonvoytraveler\" \/>\n<meta name=\"twitter:label1\" content=\"Tiempo de lectura\" \/>\n\t<meta name=\"twitter:data1\" content=\"1 minuto\" \/>\n<script type=\"application\/ld+json\" class=\"yoast-schema-graph\">{\"@context\":\"https:\/\/schema.org\",\"@graph\":[{\"@type\":\"WebPage\",\"@id\":\"https:\/\/traveler.marriott.com\/es\/quienes-somos\/\",\"url\":\"https:\/\/traveler.marriott.com\/es\/quienes-somos\/\",\"name\":\"Qui\u00e9nes somos - Marriott Bonvoy Traveler en Espa\u00f1ol\",\"isPartOf\":{\"@id\":\"https:\/\/traveler.marriott.com\/es\/#website\"},\"primaryImageOfPage\":{\"@id\":\"https:\/\/traveler.marriott.com\/es\/quienes-somos\/#primaryimage\"},\"image\":{\"@id\":\"https:\/\/traveler.marriott.com\/es\/quienes-somos\/#primaryimage\"},\"thumbnailUrl\":\"https:\/\/traveler.marriott.com\/es\/wp-content\/uploads\/sites\/2\/2019\/02\/GI_507724738_HotAirBalloonNite_1920x1080.jpg\",\"datePublished\":\"2016-08-08T20:50:20+00:00\",\"dateModified\":\"2019-02-16T05:01:23+00:00\",\"breadcrumb\":{\"@id\":\"https:\/\/traveler.marriott.com\/es\/quienes-somos\/#breadcrumb\"},\"inLanguage\":\"es\",\"potentialAction\":[{\"@type\":\"ReadAction\",\"target\":[\"https:\/\/traveler.marriott.com\/es\/quienes-somos\/\"]}]},{\"@type\":\"ImageObject\",\"inLanguage\":\"es\",\"@id\":\"https:\/\/traveler.marriott.com\/es\/quienes-somos\/#primaryimage\",\"url\":\"https:\/\/traveler.marriott.com\/es\/wp-content\/uploads\/sites\/2\/2019\/02\/GI_507724738_HotAirBalloonNite_1920x1080.jpg\",\"contentUrl\":\"https:\/\/traveler.marriott.com\/es\/wp-content\/uploads\/sites\/2\/2019\/02\/GI_507724738_HotAirBalloonNite_1920x1080.jpg\",\"width\":1920,\"height\":1080},{\"@type\":\"BreadcrumbList\",\"@id\":\"https:\/\/traveler.marriott.com\/es\/quienes-somos\/#breadcrumb\",\"itemListElement\":[{\"@type\":\"ListItem\",\"position\":1,\"name\":\"Home\",\"item\":\"https:\/\/traveler.marriott.com\/es\/\"},{\"@type\":\"ListItem\",\"position\":2,\"name\":\"Qui\u00e9nes somos\"}]},{\"@type\":\"WebSite\",\"@id\":\"https:\/\/traveler.marriott.com\/es\/#website\",\"url\":\"https:\/\/traveler.marriott.com\/es\/\",\"name\":\"Marriott Bonvoy Traveler en Espa\u00f1ol\",\"description\":\"Planifica tus viajes con consejos e inspiraci\u00f3n de Marriott Bonvoy Traveler. Perm\u00edtenos ser tu gu\u00eda de viaje para que experimentes ciudades como un lugare\u00f1o.\",\"publisher\":{\"@id\":\"https:\/\/traveler.marriott.com\/es\/#organization\"},\"potentialAction\":[{\"@type\":\"SearchAction\",\"target\":{\"@type\":\"EntryPoint\",\"urlTemplate\":\"https:\/\/traveler.marriott.com\/search\/?s={search_term_string}\"},\"query-input\":{\"@type\":\"PropertyValueSpecification\",\"valueRequired\":true,\"valueName\":\"search_term_string\"}}],\"inLanguage\":\"es\"},{\"@type\":\"Organization\",\"@id\":\"https:\/\/traveler.marriott.com\/es\/#organization\",\"name\":\"Marriott Bonvoy Traveler en Espa\u00f1ol\",\"url\":\"https:\/\/traveler.marriott.com\/es\/\",\"logo\":{\"@type\":\"ImageObject\",\"inLanguage\":\"es\",\"@id\":\"https:\/\/traveler.marriott.com\/es\/#\/schema\/logo\/image\/\",\"url\":\"https:\/\/traveler.marriott.com\/es\/wp-content\/uploads\/sites\/2\/2019\/02\/logo-es.png\",\"contentUrl\":\"https:\/\/traveler.marriott.com\/es\/wp-content\/uploads\/sites\/2\/2019\/02\/logo-es.png\",\"width\":416,\"height\":172,\"caption\":\"Marriott Bonvoy Traveler en Espa\u00f1ol\"},\"image\":{\"@id\":\"https:\/\/traveler.marriott.com\/es\/#\/schema\/logo\/image\/\"},\"sameAs\":[\"https:\/\/www.facebook.com\/MarriottBonvoyLatAm\",\"https:\/\/x.com\/mbonvoytraveler\",\"https:\/\/www.instagram.com\/marriottbonvoy\/\",\"https:\/\/www.pinterest.com\/marriottbonvoytraveler\/\",\"https:\/\/www.youtube.com\/channel\/UCpDtA9d5Z8SsNEnsVgwq9LA\"]}]}<\/script>\n<!-- \/ Yoast SEO Premium plugin. -->","yoast_head_json":{"title":"Qui\u00e9nes somos - Marriott Bonvoy Traveler en Espa\u00f1ol","robots":{"index":"index","follow":"follow","max-snippet":"max-snippet:-1","max-image-preview":"max-image-preview:large","max-video-preview":"max-video-preview:-1"},"canonical":"https:\/\/traveler.marriott.com\/es\/quienes-somos\/","og_locale":"es_ES","og_type":"article","og_title":"Qui\u00e9nes somos","og_description":"Somos Marriott Bonvoy Traveler en Espa\u00f1ol. La revista digital de viajes que hasta hace poco se llamaba Marriott Traveler en Espa\u00f1ol. Nuestro&nbsp;nuevo","og_url":"https:\/\/traveler.marriott.com\/es\/quienes-somos\/","og_site_name":"Marriott Bonvoy Traveler en Espa\u00f1ol","article_publisher":"https:\/\/www.facebook.com\/MarriottBonvoyLatAm","article_modified_time":"2019-02-16T05:01:23+00:00","og_image":[{"width":1920,"height":1080,"url":"https:\/\/traveler.marriott.com\/es\/wp-content\/uploads\/sites\/2\/2019\/02\/GI_507724738_HotAirBalloonNite_1920x1080.jpg","type":"image\/jpeg"}],"twitter_card":"summary_large_image","twitter_site":"@mbonvoytraveler","twitter_misc":{"Tiempo de lectura":"1 minuto"},"schema":{"@context":"https:\/\/schema.org","@graph":[{"@type":"WebPage","@id":"https:\/\/traveler.marriott.com\/es\/quienes-somos\/","url":"https:\/\/traveler.marriott.com\/es\/quienes-somos\/","name":"Qui\u00e9nes somos - Marriott Bonvoy Traveler en Espa\u00f1ol","isPartOf":{"@id":"https:\/\/traveler.marriott.com\/es\/#website"},"primaryImageOfPage":{"@id":"https:\/\/traveler.marriott.com\/es\/quienes-somos\/#primaryimage"},"image":{"@id":"https:\/\/traveler.marriott.com\/es\/quienes-somos\/#primaryimage"},"thumbnailUrl":"https:\/\/traveler.marriott.com\/es\/wp-content\/uploads\/sites\/2\/2019\/02\/GI_507724738_HotAirBalloonNite_1920x1080.jpg","datePublished":"2016-08-08T20:50:20+00:00","dateModified":"2019-02-16T05:01:23+00:00","breadcrumb":{"@id":"https:\/\/traveler.marriott.com\/es\/quienes-somos\/#breadcrumb"},"inLanguage":"es","potentialAction":[{"@type":"ReadAction","target":["https:\/\/traveler.marriott.com\/es\/quienes-somos\/"]}]},{"@type":"ImageObject","inLanguage":"es","@id":"https:\/\/traveler.marriott.com\/es\/quienes-somos\/#primaryimage","url":"https:\/\/traveler.marriott.com\/es\/wp-content\/uploads\/sites\/2\/2019\/02\/GI_507724738_HotAirBalloonNite_1920x1080.jpg","contentUrl":"https:\/\/traveler.marriott.com\/es\/wp-content\/uploads\/sites\/2\/2019\/02\/GI_507724738_HotAirBalloonNite_1920x1080.jpg","width":1920,"height":1080},{"@type":"BreadcrumbList","@id":"https:\/\/traveler.marriott.com\/es\/quienes-somos\/#breadcrumb","itemListElement":[{"@type":"ListItem","position":1,"name":"Home","item":"https:\/\/traveler.marriott.com\/es\/"},{"@type":"ListItem","position":2,"name":"Qui\u00e9nes somos"}]},{"@type":"WebSite","@id":"https:\/\/traveler.marriott.com\/es\/#website","url":"https:\/\/traveler.marriott.com\/es\/","name":"Marriott Bonvoy Traveler en Espa\u00f1ol","description":"Planifica tus viajes con consejos e inspiraci\u00f3n de Marriott Bonvoy Traveler. Perm\u00edtenos ser tu gu\u00eda de viaje para que experimentes ciudades como un lugare\u00f1o.","publisher":{"@id":"https:\/\/traveler.marriott.com\/es\/#organization"},"potentialAction":[{"@type":"SearchAction","target":{"@type":"EntryPoint","urlTemplate":"https:\/\/traveler.marriott.com\/search\/?s={search_term_string}"},"query-input":{"@type":"PropertyValueSpecification","valueRequired":true,"valueName":"search_term_string"}}],"inLanguage":"es"},{"@type":"Organization","@id":"https:\/\/traveler.marriott.com\/es\/#organization","name":"Marriott Bonvoy Traveler en Espa\u00f1ol","url":"https:\/\/traveler.marriott.com\/es\/","logo":{"@type":"ImageObject","inLanguage":"es","@id":"https:\/\/traveler.marriott.com\/es\/#\/schema\/logo\/image\/","url":"https:\/\/traveler.marriott.com\/es\/wp-content\/uploads\/sites\/2\/2019\/02\/logo-es.png","contentUrl":"https:\/\/traveler.marriott.com\/es\/wp-content\/uploads\/sites\/2\/2019\/02\/logo-es.png","width":416,"height":172,"caption":"Marriott Bonvoy Traveler en Espa\u00f1ol"},"image":{"@id":"https:\/\/traveler.marriott.com\/es\/#\/schema\/logo\/image\/"},"sameAs":["https:\/\/www.facebook.com\/MarriottBonvoyLatAm","https:\/\/x.com\/mbonvoytraveler","https:\/\/www.instagram.com\/marriottbonvoy\/","https:\/\/www.pinterest.com\/marriottbonvoytraveler\/","https:\/\/www.youtube.com\/channel\/UCpDtA9d5Z8SsNEnsVgwq9LA"]}]}},"acf":[],"image":{"url":"https:\/\/traveler.marriott.com\/es\/wp-content\/uploads\/sites\/2\/2019\/02\/GI_507724738_HotAirBalloonNite_1920x1080.jpg","width":1920,"height":1080,"alt":"","title":"GI_507724738_HotAirBalloonNite_1920x1080","caption":"","sizes":{"thumbnail":{"url":"https:\/\/traveler.marriott.com\/es\/wp-content\/uploads\/sites\/2\/2019\/02\/GI_507724738_HotAirBalloonNite_1920x1080-130x74.jpg","width":130,"height":74},"medium":{"url":"https:\/\/traveler.marriott.com\/es\/wp-content\/uploads\/sites\/2\/2019\/02\/GI_507724738_HotAirBalloonNite_1920x1080-420x236.jpg","width":420,"height":236},"medium_large":{"url":"https:\/\/traveler.marriott.com\/es\/wp-content\/uploads\/sites\/2\/2019\/02\/GI_507724738_HotAirBalloonNite_1920x1080-768x432.jpg","width":768,"height":432}}},"yoast_meta":{"title":"Qui\u00e9nes somos - Marriott Bonvoy Traveler en Espa\u00f1ol","metadesc":"","canonical":"https:\/\/traveler.marriott.com\/es\/quienes-somos\/","locale":"es_ES"},"_links":{"self":[{"href":"https:\/\/traveler.marriott.com\/es\/wp-json\/wp\/v2\/pages\/8296","targetHints":{"allow":["GET"]}}],"collection":[{"href":"https:\/\/traveler.marriott.com\/es\/wp-json\/wp\/v2\/pages"}],"about":[{"href":"https:\/\/traveler.marriott.com\/es\/wp-json\/wp\/v2\/types\/page"}],"author":[{"embeddable":true,"href":"https:\/\/traveler.marriott.com\/es\/wp-json\/wp\/v2\/users\/13"}],"replies":[{"embeddable":true,"href":"https:\/\/traveler.marriott.com\/es\/wp-json\/wp\/v2\/comments?post=8296"}],"version-history":[{"count":0,"href":"https:\/\/traveler.marriott.com\/es\/wp-json\/wp\/v2\/pages\/8296\/revisions"}],"wp:featuredmedia":[{"embeddable":true,"href":"https:\/\/traveler.marriott.com\/es\/wp-json\/wp\/v2\/media\/14758"}],"wp:attachment":[{"href":"https:\/\/traveler.marriott.com\/es\/wp-json\/wp\/v2\/media?parent=8296"}],"curies":[{"name":"wp","href":"https:\/\/api.w.org\/{rel}","templated":true}]}}